{"id":634,"date":"2020-10-18T19:10:32","date_gmt":"2020-10-18T17:10:32","guid":{"rendered":"http:\/\/wptf.themepul.com\/intech\/?page_id=634"},"modified":"2022-11-28T14:13:26","modified_gmt":"2022-11-28T13:13:26","slug":"kontakt","status":"publish","type":"page","link":"https:\/\/www.e-pointcom.eu\/en\/kontakt\/","title":{"rendered":"Contact"},"content":{"rendered":"<div data-elementor-type=\"wp-page\" data-elementor-id=\"634\" class=\"elementor elementor-634\" data-elementor-settings=\"[]\">\n\t\t\t\t\t\t\t<div class=\"elementor-section-wrap\">\n\t\t\t\t\t\t\t<section class=\"elementor-section elementor-top-section elementor-element elementor-element-49fd815 elementor-section-boxed elementor-section-height-default elementor-section-height-default\" data-id=\"49fd815\" data-element_type=\"section\">\n\t\t\t\t\t\t<div class=\"elementor-container elementor-column-gap-default\">\n\t\t\t\t\t<div class=\"elementor-column elementor-col-100 elementor-top-column elementor-element elementor-element-58d01c6\" data-id=\"58d01c6\" data-element_type=\"column\">\n\t\t\t<div class=\"elementor-widget-wrap elementor-element-populated\">\n\t\t\t\t\t\t\t\t<div class=\"elementor-element elementor-element-88847f3 elementor-shape-rounded elementor-grid-0 e-grid-align-center elementor-widget elementor-widget-social-icons\" data-id=\"88847f3\" data-element_type=\"widget\" data-widget_type=\"social-icons.default\">\n\t\t\t\t<div class=\"elementor-widget-container\">\n\t\t\t\t\t<div class=\"elementor-social-icons-wrapper elementor-grid\">\n\t\t\t\t\t\t\t<span class=\"elementor-grid-item\">\n\t\t\t\t\t<a class=\"elementor-icon elementor-social-icon elementor-social-icon-facebook elementor-repeater-item-74480d4\" href=\"https:\/\/www.facebook.com\/epointcom\/\" target=\"_blank\">\n\t\t\t\t\t\t<span class=\"elementor-screen-only\">Facebook<\/span>\n\t\t\t\t\t\t<i class=\"fab fa-facebook\"><\/i>\t\t\t\t\t<\/a>\n\t\t\t\t<\/span>\n\t\t\t\t\t\t\t<span class=\"elementor-grid-item\">\n\t\t\t\t\t<a class=\"elementor-icon elementor-social-icon elementor-social-icon-linkedin elementor-repeater-item-80c43be\" href=\"https:\/\/www.facebook.com\/epointcom\/\" target=\"_blank\">\n\t\t\t\t\t\t<span class=\"elementor-screen-only\">Linkedin<\/span>\n\t\t\t\t\t\t<i class=\"fab fa-linkedin\"><\/i>\t\t\t\t\t<\/a>\n\t\t\t\t<\/span>\n\t\t\t\t\t<\/div>\n\t\t\t\t<\/div>\n\t\t\t\t<\/div>\n\t\t\t\t\t<\/div>\n\t\t<\/div>\n\t\t\t\t\t\t\t<\/div>\n\t\t<\/section>\n\t\t\t\t<section class=\"elementor-section elementor-top-section elementor-element elementor-element-14776cd elementor-section-boxed elementor-section-height-default elementor-section-height-default\" data-id=\"14776cd\" data-element_type=\"section\">\n\t\t\t\t\t\t<div class=\"elementor-container elementor-column-gap-default\">\n\t\t\t\t\t<div class=\"elementor-column elementor-col-100 elementor-top-column elementor-element elementor-element-253d742\" data-id=\"253d742\" data-element_type=\"column\">\n\t\t\t<div class=\"elementor-widget-wrap elementor-element-populated\">\n\t\t\t\t\t\t\t\t<div class=\"elementor-element elementor-element-f8a691e elementor-widget elementor-widget-heading\" data-id=\"f8a691e\" data-element_type=\"widget\" data-widget_type=\"heading.default\">\n\t\t\t\t<div class=\"elementor-widget-container\">\n\t\t\t<h4 class=\"elementor-heading-title elementor-size-default\">R\u00e1di V\u00e1m p\u0159iprav\u00edme \u0159e\u0161en\u00ed na m\u00edru. Vyu\u017eijte bezplatn\u00e9 konzultace a nev\u00e1hejte n\u00e1s kontaktovat.<\/h4>\t\t<\/div>\n\t\t\t\t<\/div>\n\t\t\t\t<div class=\"elementor-element elementor-element-1ce49a7 elementor-widget elementor-widget-wpforms\" data-id=\"1ce49a7\" data-element_type=\"widget\" data-widget_type=\"wpforms.default\">\n\t\t\t\t<div class=\"elementor-widget-container\">\n\t\t\t<div class=\"wpforms-container wpforms-container-full\" id=\"wpforms-2444\"><form id=\"wpforms-form-2444\" class=\"wpforms-validate wpforms-form\" data-formid=\"2444\" method=\"post\" enctype=\"multipart\/form-data\" action=\"\/en\/wp-json\/wp\/v2\/pages\/634\" data-token=\"4f77c4deba2f228a6a46108a9af0479e\" data-trp-original-action=\"\/en\/wp-json\/wp\/v2\/pages\/634\"><noscript class=\"wpforms-error-noscript\">Please enable JavaScript in your browser to complete this form.<\/noscript><div class=\"wpforms-field-container\"><div id=\"wpforms-2444-field_0-container\" class=\"wpforms-field wpforms-field-name\" data-field-id=\"0\"><label class=\"wpforms-field-label\" for=\"wpforms-2444-field_0\">Name <span class=\"wpforms-required-label\">*<\/span><\/label><div class=\"wpforms-field-row wpforms-field-large\"><div class=\"wpforms-field-row-block wpforms-first wpforms-one-half\"><input type=\"text\" id=\"wpforms-2444-field_0\" class=\"wpforms-field-name-first wpforms-field-required\" name=\"wpforms[fields][0][first]\" required><label for=\"wpforms-2444-field_0\" class=\"wpforms-field-sublabel after\">First<\/label><\/div><div class=\"wpforms-field-row-block wpforms-one-half\"><input type=\"text\" id=\"wpforms-2444-field_0-last\" class=\"wpforms-field-name-last wpforms-field-required\" name=\"wpforms[fields][0][last]\" required><label for=\"wpforms-2444-field_0-last\" class=\"wpforms-field-sublabel after\">Last<\/label><\/div><\/div><\/div><div id=\"wpforms-2444-field_1-container\" class=\"wpforms-field wpforms-field-email\" data-field-id=\"1\"><label class=\"wpforms-field-label\" for=\"wpforms-2444-field_1\">E-mail <span class=\"wpforms-required-label\">*<\/span><\/label><input type=\"email\" id=\"wpforms-2444-field_1\" class=\"wpforms-field-large wpforms-field-required\" name=\"wpforms[fields][1]\" required><\/div><div id=\"wpforms-2444-field_2-container\" class=\"wpforms-field wpforms-field-textarea\" data-field-id=\"2\"><label class=\"wpforms-field-label\" for=\"wpforms-2444-field_2\">Comment or message <span class=\"wpforms-required-label\">*<\/span><\/label><textarea id=\"wpforms-2444-field_2\" class=\"wpforms-field-medium wpforms-field-required\" name=\"wpforms[fields][2]\" required><\/textarea><\/div><\/div><div class=\"wpforms-recaptcha-container wpforms-is-recaptcha\" ><div class=\"g-recaptcha\" data-sitekey=\"6Ld2EbwaAAAAANKL1irxzffjm7UcSotAWCSSNNhJ\"><\/div><input type=\"text\" name=\"g-recaptcha-hidden\" class=\"wpforms-recaptcha-hidden\" style=\"position:absolute!important;clip:rect(0,0,0,0)!important;height:1px!important;width:1px!important;border:0!important;overflow:hidden!important;padding:0!important;margin:0!important;\" required><\/div><div class=\"wpforms-submit-container\" ><input type=\"hidden\" name=\"wpforms[id]\" value=\"2444\"><input type=\"hidden\" name=\"wpforms[author]\" value=\"1\"><button type=\"submit\" name=\"wpforms[submit]\" class=\"wpforms-submit\" id=\"wpforms-submit-2444\" value=\"wpforms-submit\" aria-live=\"assertive\" data-alt-text=\"Odes\u00edl\u00e1ni...\" data-submit-text=\"Odeslat\">Send<\/button><\/div><input type=\"hidden\" name=\"trp-form-language\" value=\"en\"\/><\/form><\/div>  <!-- .wpforms-container -->\t\t<\/div>\n\t\t\t\t<\/div>\n\t\t\t\t\t<\/div>\n\t\t<\/div>\n\t\t\t\t\t\t\t<\/div>\n\t\t<\/section>\n\t\t\t\t<section class=\"elementor-section elementor-top-section elementor-element elementor-element-da70e47 elementor-section-boxed elementor-section-height-default elementor-section-height-default\" data-id=\"da70e47\" data-element_type=\"section\">\n\t\t\t\t\t\t<div class=\"elementor-container elementor-column-gap-default\">\n\t\t\t\t\t<div class=\"elementor-column elementor-col-50 elementor-top-column elementor-element elementor-element-7334e01\" data-id=\"7334e01\" data-element_type=\"column\">\n\t\t\t<div class=\"elementor-widget-wrap elementor-element-populated\">\n\t\t\t\t\t\t\t\t<div class=\"elementor-element elementor-element-ea2c378 elementor-widget elementor-widget-text-editor\" data-id=\"ea2c378\" data-element_type=\"widget\" data-widget_type=\"text-editor.default\">\n\t\t\t\t<div class=\"elementor-widget-container\">\n\t\t\t\t\t\t\t<h2>Czech Republic<\/h2>\n<div>\n<p><strong>&nbsp;e-Point communications, sro<br><\/strong>&nbsp;Havl\u00ed\u010dkova 392, 763 02 Zl\u00edn - Malenovice<strong><br><\/strong><\/p>\n<p>&nbsp;<a href=\"mailto:obchod@e-point-com.eu\">obchod@e-point-com.eu&nbsp;<\/a><\/p>\n<p>&nbsp;Company ID: 034 21 571<br>&nbsp;VAT No .: CZ034 21 571<br><span style=\"color: var( --e-global-color-text ); font-family: var( --e-global-typography-text-font-family ), Sans-serif; font-weight: var( --e-global-typography-text-font-weight );\">&nbsp;<\/span><span style=\"color: var( --e-global-color-text ); font-weight: var( --e-global-typography-text-font-weight ); font-size: 12.8px;\">The company is registered in the Commercial Register kept at the Chamber of Commerce in Brno, Section C, File 10340<\/span><\/p>\n<p>&nbsp;Ing. Martina Toman\u00edkov\u00e1&nbsp; &nbsp; &nbsp; &nbsp;&nbsp;<a style=\"background-color: #ffffff;\" title=\"Phone\" href=\"tel:+420702069793\">+420 702 069 793<\/a><br>&nbsp;Sales Officer&nbsp; &nbsp; &nbsp; &nbsp; &nbsp; &nbsp; &nbsp; &nbsp; &nbsp; &nbsp;<a style=\"background-color: #ffffff;\" href=\"mailto:mat@e-point-com.eu\">mat@e-point-com.eu<\/a><\/p>\n<p>&nbsp;Ing. Zby\u0161ek \u010ci\u017ema\u0159&nbsp; &nbsp; &nbsp; &nbsp; &nbsp; &nbsp; &nbsp; &nbsp; &nbsp; &nbsp;<a href=\"tel: +420605474404\">+420 605 474 404<\/a><br>&nbsp;\u0158editel a jednatel&nbsp; &nbsp; &nbsp; &nbsp; &nbsp; &nbsp; &nbsp; &nbsp; &nbsp; &nbsp; &nbsp;<a href=\"mailto:zci@e-point-com.eu\">&nbsp;zci@e-point-com.eu<\/a><\/p>\n<p><\/p>\n<\/div>\t\t\t\t\t\t<\/div>\n\t\t\t\t<\/div>\n\t\t\t\t\t<\/div>\n\t\t<\/div>\n\t\t\t\t<div class=\"elementor-column elementor-col-50 elementor-top-column elementor-element elementor-element-e9aa288\" data-id=\"e9aa288\" data-element_type=\"column\">\n\t\t\t<div class=\"elementor-widget-wrap elementor-element-populated\">\n\t\t\t\t\t\t\t\t<div class=\"elementor-element elementor-element-291383c elementor-widget elementor-widget-google_maps\" data-id=\"291383c\" data-element_type=\"widget\" data-widget_type=\"google_maps.default\">\n\t\t\t\t<div class=\"elementor-widget-container\">\n\t\t\t\t\t<div class=\"elementor-custom-embed\">\n\t\t\t<iframe frameborder=\"0\" scrolling=\"no\" marginheight=\"0\" marginwidth=\"0\"\n\t\t\t\t\tsrc=\"https:\/\/maps.google.com\/maps?q=Havl%C3%AD%C4%8Dkova%20392%2C%20Malenovice%2C%20763%2002%20Zl%C3%ADn&#038;t=m&#038;z=8&#038;output=embed&#038;iwloc=near\"\n\t\t\t\t\ttitle=\"Havl\u00ed\u010dkova 392, Malenovice, 763 02 Zl\u00edn\"\n\t\t\t\t\taria-label=\"Havl\u00ed\u010dkova 392, Malenovice, 763 02 Zl\u00edn\"\n\t\t\t><\/iframe>\n\t\t<\/div>\n\t\t\t\t<\/div>\n\t\t\t\t<\/div>\n\t\t\t\t\t<\/div>\n\t\t<\/div>\n\t\t\t\t\t\t\t<\/div>\n\t\t<\/section>\n\t\t\t\t<section class=\"elementor-section elementor-top-section elementor-element elementor-element-20908f7 elementor-section-boxed elementor-section-height-default elementor-section-height-default\" data-id=\"20908f7\" data-element_type=\"section\">\n\t\t\t\t\t\t<div class=\"elementor-container elementor-column-gap-default\">\n\t\t\t\t\t<div class=\"elementor-column elementor-col-50 elementor-top-column elementor-element elementor-element-f9a1b86\" data-id=\"f9a1b86\" data-element_type=\"column\">\n\t\t\t<div class=\"elementor-widget-wrap elementor-element-populated\">\n\t\t\t\t\t\t\t\t<div class=\"elementor-element elementor-element-a5b0ef7 elementor-widget elementor-widget-text-editor\" data-id=\"a5b0ef7\" data-element_type=\"widget\" data-widget_type=\"text-editor.default\">\n\t\t\t\t<div class=\"elementor-widget-container\">\n\t\t\t\t\t\t\t<h2>Slovak Republic<\/h2><div><div><span style=\"color: var( --e-global-color-text );\">\u00a0Ing. Martina Toman\u00edkov\u00e1\u00a0 \u00a0 \u00a0 \u00a0 \u00a0\u00a0<\/span><a style=\"background-color: #ffffff; font-family: 'Open Sans';\" href=\"tel:+421907037065\">+421 907 037 065<\/a><br \/>\u00a0Sales Officer\u00a0 \u00a0 \u00a0 \u00a0 \u00a0 \u00a0 \u00a0 \u00a0 \u00a0 \u00a0 \u00a0 \u00a0<a style=\"font-family: 'Open Sans'; background-color: #ffffff;\" href=\"mailto:mat@e-point-com.eu\">mat@e-point-com.eu<\/a><\/div><\/div><div>\u00a0<\/div><div>\u00a0<\/div>\t\t\t\t\t\t<\/div>\n\t\t\t\t<\/div>\n\t\t\t\t\t<\/div>\n\t\t<\/div>\n\t\t\t\t<div class=\"elementor-column elementor-col-50 elementor-top-column elementor-element elementor-element-3291b1d\" data-id=\"3291b1d\" data-element_type=\"column\">\n\t\t\t<div class=\"elementor-widget-wrap elementor-element-populated\">\n\t\t\t\t\t\t\t\t<div class=\"elementor-element elementor-element-014e3c3 elementor-widget elementor-widget-google_maps\" data-id=\"014e3c3\" data-element_type=\"widget\" data-widget_type=\"google_maps.default\">\n\t\t\t\t<div class=\"elementor-widget-container\">\n\t\t\t\t\t<div class=\"elementor-custom-embed\">\n\t\t\t<iframe frameborder=\"0\" scrolling=\"no\" marginheight=\"0\" marginwidth=\"0\"\n\t\t\t\t\tsrc=\"https:\/\/maps.google.com\/maps?q=Hronsk%C3%A9%20predmestie%2012%20974%2001%20Bansk%C3%A1%20Bystrica&#038;t=m&#038;z=8&#038;output=embed&#038;iwloc=near\"\n\t\t\t\t\ttitle=\"Hronsk\u00e9 predmestie 12 974 01 Bansk\u00e1 Bystrica\"\n\t\t\t\t\taria-label=\"Hronsk\u00e9 predmestie 12 974 01 Bansk\u00e1 Bystrica\"\n\t\t\t><\/iframe>\n\t\t<\/div>\n\t\t\t\t<\/div>\n\t\t\t\t<\/div>\n\t\t\t\t\t<\/div>\n\t\t<\/div>\n\t\t\t\t\t\t\t<\/div>\n\t\t<\/section>\n\t\t\t\t<section class=\"elementor-section elementor-top-section elementor-element elementor-element-5e250a8 elementor-section-boxed elementor-section-height-default elementor-section-height-default\" data-id=\"5e250a8\" data-element_type=\"section\">\n\t\t\t\t\t\t<div class=\"elementor-container elementor-column-gap-default\">\n\t\t\t\t\t<div class=\"elementor-column elementor-col-100 elementor-top-column elementor-element elementor-element-efc0ced\" data-id=\"efc0ced\" data-element_type=\"column\">\n\t\t\t<div class=\"elementor-widget-wrap\">\n\t\t\t\t\t\t\t\t\t<\/div>\n\t\t<\/div>\n\t\t\t\t\t\t\t<\/div>\n\t\t<\/section>\n\t\t\t\t\t\t<\/div>\n\t\t\t\t\t<\/div>","protected":false},"excerpt":{"rendered":"<p>Facebook Linkedin R\u00e1di V\u00e1m p\u0159iprav\u00edme \u0159e\u0161en\u00ed na m\u00edru. Vyu\u017eijte bezplatn\u00e9 konzultace a nev\u00e1hejte n\u00e1s kontaktovat. \u010cesk\u00e1 republika &nbsp;e-Point communications, s. r. o.&nbsp;Havl\u00ed\u010dkova 392, 763 02 Zl\u00edn &#8211; Malenovice &nbsp;obchod@e-point-com.eu&nbsp; &nbsp;I\u010c: 034 21 571&nbsp;DI\u010c: CZ034 21 571&nbsp;Spole\u010dnost je zapsan\u00e1 v OR veden\u00e9m u KS v Brn\u011b, odd\u00edl C, vlo\u017eka 10340 &nbsp;Ing. Martina Toman\u00edkov\u00e1&nbsp; &nbsp; &nbsp; &nbsp;&nbsp;+420 [&hellip;]<\/p>","protected":false},"author":1,"featured_media":2080,"parent":0,"menu_order":0,"comment_status":"closed","ping_status":"closed","template":"blank-page.php","meta":[],"_links":{"self":[{"href":"https:\/\/www.e-pointcom.eu\/en\/wp-json\/wp\/v2\/pages\/634"}],"collection":[{"href":"https:\/\/www.e-pointcom.eu\/en\/wp-json\/wp\/v2\/pages"}],"about":[{"href":"https:\/\/www.e-pointcom.eu\/en\/wp-json\/wp\/v2\/types\/page"}],"author":[{"embeddable":true,"href":"https:\/\/www.e-pointcom.eu\/en\/wp-json\/wp\/v2\/users\/1"}],"replies":[{"embeddable":true,"href":"https:\/\/www.e-pointcom.eu\/en\/wp-json\/wp\/v2\/comments?post=634"}],"version-history":[{"count":106,"href":"https:\/\/www.e-pointcom.eu\/en\/wp-json\/wp\/v2\/pages\/634\/revisions"}],"predecessor-version":[{"id":3976,"href":"https:\/\/www.e-pointcom.eu\/en\/wp-json\/wp\/v2\/pages\/634\/revisions\/3976"}],"wp:featuredmedia":[{"embeddable":true,"href":"https:\/\/www.e-pointcom.eu\/en\/wp-json\/wp\/v2\/media\/2080"}],"wp:attachment":[{"href":"https:\/\/www.e-pointcom.eu\/en\/wp-json\/wp\/v2\/media?parent=634"}],"curies":[{"name":"wp","href":"https:\/\/api.w.org\/{rel}","templated":true}]}}