{"id":566,"date":"2020-10-18T17:21:33","date_gmt":"2020-10-18T15:21:33","guid":{"rendered":"http:\/\/wptf.themepul.com\/intech\/?page_id=566"},"modified":"2021-06-23T16:05:39","modified_gmt":"2021-06-23T14:05:39","slug":"reference","status":"publish","type":"page","link":"https:\/\/www.e-pointcom.eu\/en\/reference\/","title":{"rendered":"Reference"},"content":{"rendered":"<div data-elementor-type=\"wp-page\" data-elementor-id=\"566\" class=\"elementor elementor-566\" data-elementor-settings=\"[]\">\n\t\t\t\t\t\t\t<div class=\"elementor-section-wrap\">\n\t\t\t\t\t\t\t<section class=\"elementor-section elementor-top-section elementor-element elementor-element-1d856b6 elementor-section-boxed elementor-section-height-default elementor-section-height-default\" data-id=\"1d856b6\" data-element_type=\"section\">\n\t\t\t\t\t\t<div class=\"elementor-container elementor-column-gap-default\">\n\t\t\t\t\t<div class=\"elementor-column elementor-col-100 elementor-top-column elementor-element elementor-element-8c54d27\" data-id=\"8c54d27\" data-element_type=\"column\">\n\t\t\t<div class=\"elementor-widget-wrap elementor-element-populated\">\n\t\t\t\t\t\t\t\t<div class=\"elementor-element elementor-element-099f693 premium-blog-align-center elementor-widget elementor-widget-premium-addon-blog\" data-id=\"099f693\" data-element_type=\"widget\" data-settings=\"{&quot;premium_blog_layout&quot;:&quot;masonry&quot;,&quot;premium_blog_columns_number&quot;:&quot;25%&quot;,&quot;premium_blog_grid&quot;:&quot;yes&quot;,&quot;premium_blog_columns_number_tablet&quot;:&quot;50%&quot;,&quot;premium_blog_columns_number_mobile&quot;:&quot;100%&quot;,&quot;scroll_to_offset&quot;:&quot;yes&quot;}\" data-widget_type=\"premium-addon-blog.default\">\n\t\t\t\t<div class=\"elementor-widget-container\">\n\t\t\t\t<div class=\"premium-blog\">\n\t\t\t\t<div class=\"premium-blog-wrap  premium-blog-masonry\" data-page=\"566\">\n\t\t\t\t\t<div class=\"premium-blog-post-outer-container\" data-total=\"1\">\n\t\t\t<div class=\"premium-blog-post-container premium-blog-skin-classic\">\n\t\t\t\t\t\t\t\t\t<div class=\"premium-blog-thumb-effect-wrapper\">\n\t\t\t\t\t\t<div class=\"premium-blog-thumbnail-container premium-blog-zoomin-effect\">\n\t\t\t\t\t\t\t<img width=\"300\" height=\"169\" src=\"https:\/\/www.e-pointcom.eu\/wp-content\/uploads\/2021\/06\/automat-churchill-1-300x169.jpg\" class=\"attachment-medium size-medium\" alt=\"\" loading=\"lazy\" \/>\t\t\t\t\t\t<\/div>\n\t\t\t\t\t\t\t\t\t\t\t\t\t<div class=\"premium-blog-thumbnail-overlay\">\n\t\t\t\t\t\t\t\t<a class=\"elementor-icon\" href=\"https:\/\/www.e-pointcom.eu\/en\/churchill-praha\/\" target=\"_self\"><\/a>\n\t\t\t\t\t\t\t<\/div>\n\t\t\t\t\t\t\t\t\t\t\t<\/div>\n\t\t\t\t\t\t\t\t\t\t\t\t<div class=\"premium-blog-content-wrapper\">\n\t\t\t\t\t<div class=\"premium-blog-content-wrapper-inner\">\n\t\t\t\t\t\t<div class=\"premium-blog-inner-container\">\n\t\t\t\t\t\t\t<div class=\"premium-blog-entry-container\">\n\t\t\t\t\t\t\t\t\t\t\t\t\t\t\t\t\t\t<h2 class=\"premium-blog-entry-title\">\n\t\t\t<a href=\"https:\/\/www.e-pointcom.eu\/en\/churchill-praha\/\" target=\"_self\">\n\t\t\t\tSamoobslu\u017en\u00ed restaurace Churchill Square\t\t\t<\/a>\n\t\t<\/h2>\n\t\t\t\t<div class=\"premium-blog-entry-meta\">\n\t\t\t\n\t\t\t\n\t\t\t\n\t\t\t\t\t<\/div>\n\t\t\n\t\t\t\t\t\t\t<\/div>\n\t\t\t\t\t\t<\/div>\n\n\t\t\t\t\t\t<p class=\"premium-blog-post-content\">Automated dining room with minimal waiting at the cash register.<\/p>\t\t\t\t\t\t\t\t\t\t\t<\/div>\n\t\t\t\t<\/div>\n\t\t\t<\/div>\n\t\t<\/div>\n\n\t\t\t\t<div class=\"premium-blog-post-outer-container\" data-total=\"1\">\n\t\t\t<div class=\"premium-blog-post-container premium-blog-skin-classic\">\n\t\t\t\t\t\t\t\t\t<div class=\"premium-blog-thumb-effect-wrapper\">\n\t\t\t\t\t\t<div class=\"premium-blog-thumbnail-container premium-blog-zoomin-effect\">\n\t\t\t\t\t\t\t<img width=\"225\" height=\"300\" src=\"https:\/\/www.e-pointcom.eu\/wp-content\/uploads\/2021\/04\/20191002_172351-225x300.jpg\" class=\"attachment-medium size-medium\" alt=\"\" loading=\"lazy\" \/>\t\t\t\t\t\t<\/div>\n\t\t\t\t\t\t\t\t\t\t\t\t\t<div class=\"premium-blog-thumbnail-overlay\">\n\t\t\t\t\t\t\t\t<a class=\"elementor-icon\" href=\"https:\/\/www.e-pointcom.eu\/en\/datacentrum-t-mobile\/\" target=\"_self\"><\/a>\n\t\t\t\t\t\t\t<\/div>\n\t\t\t\t\t\t\t\t\t\t\t<\/div>\n\t\t\t\t\t\t\t\t\t\t\t\t<div class=\"premium-blog-content-wrapper\">\n\t\t\t\t\t<div class=\"premium-blog-content-wrapper-inner\">\n\t\t\t\t\t\t<div class=\"premium-blog-inner-container\">\n\t\t\t\t\t\t\t<div class=\"premium-blog-entry-container\">\n\t\t\t\t\t\t\t\t\t\t\t\t\t\t\t\t\t\t<h2 class=\"premium-blog-entry-title premium-blog-entry-title\">\n\t\t\t<a href=\"https:\/\/www.e-pointcom.eu\/en\/datacentrum-t-mobile\/\" target=\"_self\">\n\t\t\t\tSamoobslu\u017en\u00e1 recepce Datacentrum T-Mobile\t\t\t<\/a>\n\t\t<\/h2>\n\t\t\t\t<div class=\"premium-blog-entry-meta\">\n\t\t\t\n\t\t\t\n\t\t\t\n\t\t\t\t\t<\/div>\n\t\t\n\t\t\t\t\t\t\t<\/div>\n\t\t\t\t\t\t<\/div>\n\n\t\t\t\t\t\t<p class=\"premium-blog-post-content\">Self-service reception with a visitor registration system.<\/p>\t\t\t\t\t\t\t\t\t\t\t<\/div>\n\t\t\t\t<\/div>\n\t\t\t<\/div>\n\t\t<\/div>\n\n\t\t\t\t<div class=\"premium-blog-post-outer-container\" data-total=\"1\">\n\t\t\t<div class=\"premium-blog-post-container premium-blog-skin-classic\">\n\t\t\t\t\t\t\t\t\t<div class=\"premium-blog-thumb-effect-wrapper\">\n\t\t\t\t\t\t<div class=\"premium-blog-thumbnail-container premium-blog-zoomin-effect\">\n\t\t\t\t\t\t\t<img width=\"300\" height=\"225\" src=\"https:\/\/www.e-pointcom.eu\/wp-content\/uploads\/2021\/05\/70825006_10159551323543636_3808563508153417728_n-1-300x225.jpg\" class=\"attachment-medium size-medium\" alt=\"\" loading=\"lazy\" \/>\t\t\t\t\t\t<\/div>\n\t\t\t\t\t\t\t\t\t\t\t\t\t<div class=\"premium-blog-thumbnail-overlay\">\n\t\t\t\t\t\t\t\t<a class=\"elementor-icon\" href=\"https:\/\/www.e-pointcom.eu\/en\/muzeum-snp\/\" target=\"_self\"><\/a>\n\t\t\t\t\t\t\t<\/div>\n\t\t\t\t\t\t\t\t\t\t\t<\/div>\n\t\t\t\t\t\t\t\t\t\t\t\t<div class=\"premium-blog-content-wrapper\">\n\t\t\t\t\t<div class=\"premium-blog-content-wrapper-inner\">\n\t\t\t\t\t\t<div class=\"premium-blog-inner-container\">\n\t\t\t\t\t\t\t<div class=\"premium-blog-entry-container\">\n\t\t\t\t\t\t\t\t\t\t\t\t\t\t\t\t\t\t<h2 class=\"premium-blog-entry-title premium-blog-entry-title premium-blog-entry-title\">\n\t\t\t<a href=\"https:\/\/www.e-pointcom.eu\/en\/muzeum-snp\/\" target=\"_self\">\n\t\t\t\tKiosk ve speci\u00e1ln\u00edm dizajnu Muzeum SNP\t\t\t<\/a>\n\t\t<\/h2>\n\t\t\t\t<div class=\"premium-blog-entry-meta\">\n\t\t\t\n\t\t\t\n\t\t\t\n\t\t\t\t\t<\/div>\n\t\t\n\t\t\t\t\t\t\t<\/div>\n\t\t\t\t\t\t<\/div>\n\n\t\t\t\t\t\t<p class=\"premium-blog-post-content\">Kiosks with information function in a special custom design.<\/p>\t\t\t\t\t\t\t\t\t\t\t<\/div>\n\t\t\t\t<\/div>\n\t\t\t<\/div>\n\t\t<\/div>\n\n\t\t\t\t<div class=\"premium-blog-post-outer-container\" data-total=\"1\">\n\t\t\t<div class=\"premium-blog-post-container premium-blog-skin-classic\">\n\t\t\t\t\t\t\t\t\t<div class=\"premium-blog-thumb-effect-wrapper\">\n\t\t\t\t\t\t<div class=\"premium-blog-thumbnail-container premium-blog-zoomin-effect\">\n\t\t\t\t\t\t\t<img width=\"300\" height=\"169\" src=\"https:\/\/www.e-pointcom.eu\/wp-content\/uploads\/2021\/06\/Spindl_Mlyn-300x169.jpg\" class=\"attachment-medium size-medium\" alt=\"\" loading=\"lazy\" \/>\t\t\t\t\t\t<\/div>\n\t\t\t\t\t\t\t\t\t\t\t\t\t<div class=\"premium-blog-thumbnail-overlay\">\n\t\t\t\t\t\t\t\t<a class=\"elementor-icon\" href=\"https:\/\/www.e-pointcom.eu\/en\/tatry-mountain-resort\/\" target=\"_self\"><\/a>\n\t\t\t\t\t\t\t<\/div>\n\t\t\t\t\t\t\t\t\t\t\t<\/div>\n\t\t\t\t\t\t\t\t\t\t\t\t<div class=\"premium-blog-content-wrapper\">\n\t\t\t\t\t<div class=\"premium-blog-content-wrapper-inner\">\n\t\t\t\t\t\t<div class=\"premium-blog-inner-container\">\n\t\t\t\t\t\t\t<div class=\"premium-blog-entry-container\">\n\t\t\t\t\t\t\t\t\t\t\t\t\t\t\t\t\t\t<h2 class=\"premium-blog-entry-title premium-blog-entry-title premium-blog-entry-title premium-blog-entry-title\">\n\t\t\t<a href=\"https:\/\/www.e-pointcom.eu\/en\/tatry-mountain-resort\/\" target=\"_self\">\n\t\t\t\tGastro kiosky pro samoobslu\u017en\u00e9 restaurace\t\t\t<\/a>\n\t\t<\/h2>\n\t\t\t\t<div class=\"premium-blog-entry-meta\">\n\t\t\t\n\t\t\t\n\t\t\t\n\t\t\t\t\t<\/div>\n\t\t\n\t\t\t\t\t\t\t<\/div>\n\t\t\t\t\t\t<\/div>\n\n\t\t\t\t\t\t<p class=\"premium-blog-post-content\">Samoobslu\u017en\u00e9 restaurace Tatry Mountain Resorts.<\/p>\t\t\t\t\t\t\t\t\t\t\t<\/div>\n\t\t\t\t<\/div>\n\t\t\t<\/div>\n\t\t<\/div>\n\n\t\t\t\t<\/div>\n\t<\/div>\n\t\t\t\t<\/div>\n\t\t\t\t<\/div>\n\t\t\t\t\t<\/div>\n\t\t<\/div>\n\t\t\t\t\t\t\t<\/div>\n\t\t<\/section>\n\t\t\t\t\t\t<\/div>\n\t\t\t\t\t<\/div>","protected":false},"excerpt":{"rendered":"<p>Churchill Praha Automatizovan\u00e1 j\u00eddelna s minim\u00e1ln\u00edm \u010dek\u00e1n\u00edm u pokladny. Datacentrum T-Mobile Samoobslu\u017en\u00e1 recepce se syst\u00e9mem evidence n\u00e1v\u0161t\u011bv. Muzeum SNP Kiosky s informa\u010dn\u00ed funkc\u00ed ve speci\u00e1ln\u00edm dizajnu na m\u00edru. Tatry Mountain Resort GastroKiosky pro modern\u00ed samoobslu\u017en\u00e9 restaurace.<\/p>","protected":false},"author":1,"featured_media":0,"parent":0,"menu_order":0,"comment_status":"closed","ping_status":"closed","template":"blank-page.php","meta":[],"_links":{"self":[{"href":"https:\/\/www.e-pointcom.eu\/en\/wp-json\/wp\/v2\/pages\/566"}],"collection":[{"href":"https:\/\/www.e-pointcom.eu\/en\/wp-json\/wp\/v2\/pages"}],"about":[{"href":"https:\/\/www.e-pointcom.eu\/en\/wp-json\/wp\/v2\/types\/page"}],"author":[{"embeddable":true,"href":"https:\/\/www.e-pointcom.eu\/en\/wp-json\/wp\/v2\/users\/1"}],"replies":[{"embeddable":true,"href":"https:\/\/www.e-pointcom.eu\/en\/wp-json\/wp\/v2\/comments?post=566"}],"version-history":[{"count":24,"href":"https:\/\/www.e-pointcom.eu\/en\/wp-json\/wp\/v2\/pages\/566\/revisions"}],"predecessor-version":[{"id":3639,"href":"https:\/\/www.e-pointcom.eu\/en\/wp-json\/wp\/v2\/pages\/566\/revisions\/3639"}],"wp:attachment":[{"href":"https:\/\/www.e-pointcom.eu\/en\/wp-json\/wp\/v2\/media?parent=566"}],"curies":[{"name":"wp","href":"https:\/\/api.w.org\/{rel}","templated":true}]}}