{"id":563,"date":"2020-10-18T17:16:26","date_gmt":"2020-10-18T15:16:26","guid":{"rendered":"http:\/\/wptf.themepul.com\/intech\/?page_id=563"},"modified":"2022-11-28T16:28:34","modified_gmt":"2022-11-28T15:28:34","slug":"produkty","status":"publish","type":"page","link":"https:\/\/www.e-pointcom.eu\/en\/produkty\/","title":{"rendered":"Products"},"content":{"rendered":"<div data-elementor-type=\"wp-page\" data-elementor-id=\"563\" class=\"elementor elementor-563\" data-elementor-settings=\"[]\">\n\t\t\t\t\t\t\t<div class=\"elementor-section-wrap\">\n\t\t\t\t\t\t\t<section class=\"elementor-section elementor-top-section elementor-element elementor-element-dccc6f2 elementor-section-boxed elementor-section-height-default elementor-section-height-default\" data-id=\"dccc6f2\" data-element_type=\"section\">\n\t\t\t\t\t\t<div class=\"elementor-container elementor-column-gap-default\">\n\t\t\t\t\t<div class=\"elementor-column elementor-col-100 elementor-top-column elementor-element elementor-element-6566c0b\" data-id=\"6566c0b\" data-element_type=\"column\">\n\t\t\t<div class=\"elementor-widget-wrap elementor-element-populated\">\n\t\t\t\t\t\t\t\t<div class=\"elementor-element elementor-element-813d1fd elementor-widget elementor-widget-text-editor\" data-id=\"813d1fd\" data-element_type=\"widget\" data-widget_type=\"text-editor.default\">\n\t\t\t\t<div class=\"elementor-widget-container\">\n\t\t\t\t\t\t\t<p>The focus and main activities of our company are comprehensive solutions with high added value for <strong>sports facilities<\/strong>, <strong>wellness center<\/strong>, <strong>hotels<\/strong>, <strong>clubs<\/strong>, but <strong>companies<\/strong> and <strong>authorities<\/strong>. Through interactive self-service information or payment kiosks, optionally supplemented with turnstiles and gates, we bring you technology exactly according to your needs.<\/p>\t\t\t\t\t\t<\/div>\n\t\t\t\t<\/div>\n\t\t\t\t<div class=\"elementor-element elementor-element-08ed236 premium-blog-align-center elementor-widget elementor-widget-premium-addon-blog\" data-id=\"08ed236\" data-element_type=\"widget\" data-settings=\"{&quot;premium_blog_layout&quot;:&quot;masonry&quot;,&quot;premium_blog_columns_number&quot;:&quot;25%&quot;,&quot;premium_blog_grid&quot;:&quot;yes&quot;,&quot;premium_blog_columns_number_tablet&quot;:&quot;50%&quot;,&quot;premium_blog_columns_number_mobile&quot;:&quot;100%&quot;}\" data-widget_type=\"premium-addon-blog.default\">\n\t\t\t\t<div class=\"elementor-widget-container\">\n\t\t\t\t<div class=\"premium-blog\">\n\t\t\t\t\t\t\t<div class=\"premium-blog-filter\">\n\t\t\t<ul class=\"premium-blog-filters-container\">\n\t\t\t\t\t\t\t\t\t<li>\n\t\t\t\t\t\t<a href=\"javascript:;\" class=\"category active\" data-filter=\"*\">\n\t\t\t\t\t\t\t<span>All<\/span>\n\t\t\t\t\t\t<\/a>\n\t\t\t\t\t<\/li>\n\t\t\t\t\t\t\t\t\t\t\t\t\t\t<li>\n\t\t\t\t\t\t\t<a href=\"javascript:;\" class=\"category\" data-filter=\"s-informacni-funkci\">\n\t\t\t\t\t\t\t\t<span>With information function<\/span>\n\t\t\t\t\t\t\t<\/a>\n\t\t\t\t\t\t<\/li>\n\t\t\t\t\t\t\t\t\t\t<li>\n\t\t\t\t\t\t\t<a href=\"javascript:;\" class=\"category\" data-filter=\"s-platebni-funkci\">\n\t\t\t\t\t\t\t\t<span>With payment function<\/span>\n\t\t\t\t\t\t\t<\/a>\n\t\t\t\t\t\t<\/li>\n\t\t\t\t\t\t\t<\/ul>\n\t\t<\/div>\n\t\t\t\t\t\t<div class=\"premium-blog-wrap  premium-blog-masonry\" data-page=\"563\" data-pagination=\"true\">\n\t\t\t\t\t<div class=\"premium-blog-post-outer-container s-informacni-funkci s-platebni-funkci\" data-total=\"2\">\n\t\t\t<div class=\"premium-blog-post-container premium-blog-skin-classic\">\n\t\t\t\t\t\t\t\t\t<div class=\"premium-blog-thumb-effect-wrapper\">\n\t\t\t\t\t\t<div class=\"premium-blog-thumbnail-container premium-blog-bright-effect\">\n\t\t\t\t\t\t\t<img width=\"274\" height=\"300\" src=\"https:\/\/www.e-pointcom.eu\/wp-content\/uploads\/2021\/06\/Poplatky-274x300.png\" class=\"attachment-medium size-medium\" alt=\"\" loading=\"lazy\" \/>\t\t\t\t\t\t<\/div>\n\t\t\t\t\t\t\t\t\t\t\t\t\t<div class=\"premium-blog-thumbnail-overlay\">\n\t\t\t\t\t\t\t\t<a class=\"elementor-icon\" href=\"https:\/\/www.e-pointcom.eu\/en\/system-pro-prodej-a-vydej-rfid-naramku\/\" target=\"_self\"><\/a>\n\t\t\t\t\t\t\t<\/div>\n\t\t\t\t\t\t\t\t\t\t\t<\/div>\n\t\t\t\t\t\t\t\t\t\t\t\t<div class=\"premium-blog-content-wrapper\">\n\t\t\t\t\t<div class=\"premium-blog-content-wrapper-inner\">\n\t\t\t\t\t\t<div class=\"premium-blog-inner-container\">\n\t\t\t\t\t\t\t<div class=\"premium-blog-entry-container\">\n\t\t\t\t\t\t\t\t\t\t\t\t\t\t\t\t\t\t<h2 class=\"premium-blog-entry-title\">\n\t\t\t<a href=\"https:\/\/www.e-pointcom.eu\/en\/system-pro-prodej-a-vydej-rfid-naramku\/\" target=\"_self\">\n\t\t\t\tSyst\u00e9m pro prodej a v\u00fddej RFID n\u00e1ramk\u016f\t\t\t<\/a>\n\t\t<\/h2>\n\t\t\t\t<div class=\"premium-blog-entry-meta\">\n\t\t\t\n\t\t\t\n\t\t\t\n\t\t\t\t\t<\/div>\n\t\t\n\t\t\t\t\t\t\t<\/div>\n\t\t\t\t\t\t<\/div>\n\n\t\t\t\t\t\t<p class=\"premium-blog-post-content\">Pln\u011b automatizovan\u00fd vstup do plaveck\u00fdch, sportovn\u00edch a wellness are\u00e1l\u016f.<\/p><div class=\"premium-blog-excerpt-link-wrap\"><a href=\"https:\/\/www.e-pointcom.eu\/en\/system-pro-prodej-a-vydej-rfid-naramku\/\" target=\"_self\" class=\"premium-blog-excerpt-link elementor-button\">V\u00edce<\/a><\/div>\t\t\t\t\t\t\t\t\t\t\t<\/div>\n\t\t\t\t<\/div>\n\t\t\t<\/div>\n\t\t<\/div>\n\n\t\t\t\t<div class=\"premium-blog-post-outer-container s-informacni-funkci\" data-total=\"2\">\n\t\t\t<div class=\"premium-blog-post-container premium-blog-skin-classic\">\n\t\t\t\t\t\t\t\t\t<div class=\"premium-blog-thumb-effect-wrapper\">\n\t\t\t\t\t\t<div class=\"premium-blog-thumbnail-container premium-blog-bright-effect\">\n\t\t\t\t\t\t\t<img width=\"243\" height=\"300\" src=\"https:\/\/www.e-pointcom.eu\/wp-content\/uploads\/2021\/09\/COVID-e1631040223507-243x300.png\" class=\"attachment-medium size-medium\" alt=\"\" loading=\"lazy\" \/>\t\t\t\t\t\t<\/div>\n\t\t\t\t\t\t\t\t\t\t\t\t\t<div class=\"premium-blog-thumbnail-overlay\">\n\t\t\t\t\t\t\t\t<a class=\"elementor-icon\" href=\"https:\/\/www.e-pointcom.eu\/en\/covid-pass-reader-cpr21\/\" target=\"_self\"><\/a>\n\t\t\t\t\t\t\t<\/div>\n\t\t\t\t\t\t\t\t\t\t\t<\/div>\n\t\t\t\t\t\t\t\t\t\t\t\t<div class=\"premium-blog-content-wrapper\">\n\t\t\t\t\t<div class=\"premium-blog-content-wrapper-inner\">\n\t\t\t\t\t\t<div class=\"premium-blog-inner-container\">\n\t\t\t\t\t\t\t<div class=\"premium-blog-entry-container\">\n\t\t\t\t\t\t\t\t\t\t\t\t\t\t\t\t\t\t<h2 class=\"premium-blog-entry-title premium-blog-entry-title\">\n\t\t\t<a href=\"https:\/\/www.e-pointcom.eu\/en\/covid-pass-reader-cpr21\/\" target=\"_self\">\n\t\t\t\tChecking the COVID vaccination certificate\t\t\t<\/a>\n\t\t<\/h2>\n\t\t\t\t<div class=\"premium-blog-entry-meta\">\n\t\t\t\n\t\t\t\n\t\t\t\n\t\t\t\t\t<\/div>\n\t\t\n\t\t\t\t\t\t\t<\/div>\n\t\t\t\t\t\t<\/div>\n\n\t\t\t\t\t\t<p class=\"premium-blog-post-content\">Self-service validity check of COVID digital vaccination certificates.<\/p><div class=\"premium-blog-excerpt-link-wrap\"><a href=\"https:\/\/www.e-pointcom.eu\/en\/covid-pass-reader-cpr21\/\" target=\"_self\" class=\"premium-blog-excerpt-link elementor-button\">V\u00edce<\/a><\/div>\t\t\t\t\t\t\t\t\t\t\t<\/div>\n\t\t\t\t<\/div>\n\t\t\t<\/div>\n\t\t<\/div>\n\n\t\t\t\t<div class=\"premium-blog-post-outer-container s-informacni-funkci s-platebni-funkci\" data-total=\"2\">\n\t\t\t<div class=\"premium-blog-post-container premium-blog-skin-classic\">\n\t\t\t\t\t\t\t\t\t<div class=\"premium-blog-thumb-effect-wrapper\">\n\t\t\t\t\t\t<div class=\"premium-blog-thumbnail-container premium-blog-bright-effect\">\n\t\t\t\t\t\t\t<img width=\"274\" height=\"300\" src=\"https:\/\/www.e-pointcom.eu\/wp-content\/uploads\/2021\/06\/Poplatky-274x300.png\" class=\"attachment-medium size-medium\" alt=\"\" loading=\"lazy\" \/>\t\t\t\t\t\t<\/div>\n\t\t\t\t\t\t\t\t\t\t\t\t\t<div class=\"premium-blog-thumbnail-overlay\">\n\t\t\t\t\t\t\t\t<a class=\"elementor-icon\" href=\"https:\/\/www.e-pointcom.eu\/en\/front-end\/\" target=\"_self\"><\/a>\n\t\t\t\t\t\t\t<\/div>\n\t\t\t\t\t\t\t\t\t\t\t<\/div>\n\t\t\t\t\t\t\t\t\t\t\t\t<div class=\"premium-blog-content-wrapper\">\n\t\t\t\t\t<div class=\"premium-blog-content-wrapper-inner\">\n\t\t\t\t\t\t<div class=\"premium-blog-inner-container\">\n\t\t\t\t\t\t\t<div class=\"premium-blog-entry-container\">\n\t\t\t\t\t\t\t\t\t\t\t\t\t\t\t\t\t\t<h2 class=\"premium-blog-entry-title premium-blog-entry-title premium-blog-entry-title\">\n\t\t\t<a href=\"https:\/\/www.e-pointcom.eu\/en\/front-end\/\" target=\"_self\">\n\t\t\t\tSystem for client centers and offices\t\t\t<\/a>\n\t\t<\/h2>\n\t\t\t\t<div class=\"premium-blog-entry-meta\">\n\t\t\t\n\t\t\t\n\t\t\t\n\t\t\t\t\t<\/div>\n\t\t\n\t\t\t\t\t\t\t<\/div>\n\t\t\t\t\t\t<\/div>\n\n\t\t\t\t\t\t<p class=\"premium-blog-post-content\">System equipment of client centers in the communal sphere - payment of administrative fees.<\/p><div class=\"premium-blog-excerpt-link-wrap\"><a href=\"https:\/\/www.e-pointcom.eu\/en\/front-end\/\" target=\"_self\" class=\"premium-blog-excerpt-link elementor-button\">V\u00edce<\/a><\/div>\t\t\t\t\t\t\t\t\t\t\t<\/div>\n\t\t\t\t<\/div>\n\t\t\t<\/div>\n\t\t<\/div>\n\n\t\t\t\t<div class=\"premium-blog-post-outer-container s-platebni-funkci\" data-total=\"2\">\n\t\t\t<div class=\"premium-blog-post-container premium-blog-skin-classic\">\n\t\t\t\t\t\t\t\t\t<div class=\"premium-blog-thumb-effect-wrapper\">\n\t\t\t\t\t\t<div class=\"premium-blog-thumbnail-container premium-blog-bright-effect\">\n\t\t\t\t\t\t\t<img width=\"274\" height=\"300\" src=\"https:\/\/www.e-pointcom.eu\/wp-content\/uploads\/2021\/04\/Kasa-274x300.png\" class=\"attachment-medium size-medium\" alt=\"\" loading=\"lazy\" \/>\t\t\t\t\t\t<\/div>\n\t\t\t\t\t\t\t\t\t\t\t\t\t<div class=\"premium-blog-thumbnail-overlay\">\n\t\t\t\t\t\t\t\t<a class=\"elementor-icon\" href=\"https:\/\/www.e-pointcom.eu\/en\/e-pokladna\/\" target=\"_self\"><\/a>\n\t\t\t\t\t\t\t<\/div>\n\t\t\t\t\t\t\t\t\t\t\t<\/div>\n\t\t\t\t\t\t\t\t\t\t\t\t<div class=\"premium-blog-content-wrapper\">\n\t\t\t\t\t<div class=\"premium-blog-content-wrapper-inner\">\n\t\t\t\t\t\t<div class=\"premium-blog-inner-container\">\n\t\t\t\t\t\t\t<div class=\"premium-blog-entry-container\">\n\t\t\t\t\t\t\t\t\t\t\t\t\t\t\t\t\t\t<h2 class=\"premium-blog-entry-title premium-blog-entry-title premium-blog-entry-title premium-blog-entry-title\">\n\t\t\t<a href=\"https:\/\/www.e-pointcom.eu\/en\/e-pokladna\/\" target=\"_self\">\n\t\t\t\tSelf-service cash register e-POKLADNA\t\t\t<\/a>\n\t\t<\/h2>\n\t\t\t\t<div class=\"premium-blog-entry-meta\">\n\t\t\t\n\t\t\t\n\t\t\t\n\t\t\t\t\t<\/div>\n\t\t\n\t\t\t\t\t\t\t<\/div>\n\t\t\t\t\t\t<\/div>\n\n\t\t\t\t\t\t<p class=\"premium-blog-post-content\">Universal self-service cash register for cash and card payment.<\/p><div class=\"premium-blog-excerpt-link-wrap\"><a href=\"https:\/\/www.e-pointcom.eu\/en\/e-pokladna\/\" target=\"_self\" class=\"premium-blog-excerpt-link elementor-button\">V\u00edce<\/a><\/div>\t\t\t\t\t\t\t\t\t\t\t<\/div>\n\t\t\t\t<\/div>\n\t\t\t<\/div>\n\t\t<\/div>\n\n\t\t\t\t<div class=\"premium-blog-post-outer-container s-informacni-funkci\" data-total=\"2\">\n\t\t\t<div class=\"premium-blog-post-container premium-blog-skin-classic\">\n\t\t\t\t\t\t\t\t\t<div class=\"premium-blog-thumb-effect-wrapper\">\n\t\t\t\t\t\t<div class=\"premium-blog-thumbnail-container premium-blog-bright-effect\">\n\t\t\t\t\t\t\t<img width=\"274\" height=\"300\" src=\"https:\/\/www.e-pointcom.eu\/wp-content\/uploads\/2021\/04\/Casenka-274x300.png\" class=\"attachment-medium size-medium\" alt=\"\" loading=\"lazy\" \/>\t\t\t\t\t\t<\/div>\n\t\t\t\t\t\t\t\t\t\t\t\t\t<div class=\"premium-blog-thumbnail-overlay\">\n\t\t\t\t\t\t\t\t<a class=\"elementor-icon\" href=\"https:\/\/www.e-pointcom.eu\/en\/e-casenka-2\/\" target=\"_self\"><\/a>\n\t\t\t\t\t\t\t<\/div>\n\t\t\t\t\t\t\t\t\t\t\t<\/div>\n\t\t\t\t\t\t\t\t\t\t\t\t<div class=\"premium-blog-content-wrapper\">\n\t\t\t\t\t<div class=\"premium-blog-content-wrapper-inner\">\n\t\t\t\t\t\t<div class=\"premium-blog-inner-container\">\n\t\t\t\t\t\t\t<div class=\"premium-blog-entry-container\">\n\t\t\t\t\t\t\t\t\t\t\t\t\t\t\t\t\t\t<h2 class=\"premium-blog-entry-title premium-blog-entry-title premium-blog-entry-title premium-blog-entry-title premium-blog-entry-title\">\n\t\t\t<a href=\"https:\/\/www.e-pointcom.eu\/en\/e-casenka-2\/\" target=\"_self\">\n\t\t\t\tSystem for medical facilities\t\t\t<\/a>\n\t\t<\/h2>\n\t\t\t\t<div class=\"premium-blog-entry-meta\">\n\t\t\t\n\t\t\t\n\t\t\t\n\t\t\t\t\t<\/div>\n\t\t\n\t\t\t\t\t\t\t<\/div>\n\t\t\t\t\t\t<\/div>\n\n\t\t\t\t\t\t<p class=\"premium-blog-post-content\">Reservation, calling and ordering system for medical facilities with a waiting room.<\/p><div class=\"premium-blog-excerpt-link-wrap\"><a href=\"https:\/\/www.e-pointcom.eu\/en\/e-casenka-2\/\" target=\"_self\" class=\"premium-blog-excerpt-link elementor-button\">V\u00edce<\/a><\/div>\t\t\t\t\t\t\t\t\t\t\t<\/div>\n\t\t\t\t<\/div>\n\t\t\t<\/div>\n\t\t<\/div>\n\n\t\t\t\t<div class=\"premium-blog-post-outer-container s-informacni-funkci\" data-total=\"2\">\n\t\t\t<div class=\"premium-blog-post-container premium-blog-skin-classic\">\n\t\t\t\t\t\t\t\t\t<div class=\"premium-blog-thumb-effect-wrapper\">\n\t\t\t\t\t\t<div class=\"premium-blog-thumbnail-container premium-blog-bright-effect\">\n\t\t\t\t\t\t\t<img width=\"274\" height=\"300\" src=\"https:\/\/www.e-pointcom.eu\/wp-content\/uploads\/2021\/04\/LKW-274x300.png\" class=\"attachment-medium size-medium\" alt=\"\" loading=\"lazy\" \/>\t\t\t\t\t\t<\/div>\n\t\t\t\t\t\t\t\t\t\t\t\t\t<div class=\"premium-blog-thumbnail-overlay\">\n\t\t\t\t\t\t\t\t<a class=\"elementor-icon\" href=\"https:\/\/www.e-pointcom.eu\/en\/e-system-lkw-2\/\" target=\"_self\"><\/a>\n\t\t\t\t\t\t\t<\/div>\n\t\t\t\t\t\t\t\t\t\t\t<\/div>\n\t\t\t\t\t\t\t\t\t\t\t\t<div class=\"premium-blog-content-wrapper\">\n\t\t\t\t\t<div class=\"premium-blog-content-wrapper-inner\">\n\t\t\t\t\t\t<div class=\"premium-blog-inner-container\">\n\t\t\t\t\t\t\t<div class=\"premium-blog-entry-container\">\n\t\t\t\t\t\t\t\t\t\t\t\t\t\t\t\t\t\t<h2 class=\"premium-blog-entry-title premium-blog-entry-title premium-blog-entry-title premium-blog-entry-title premium-blog-entry-title premium-blog-entry-title\">\n\t\t\t<a href=\"https:\/\/www.e-pointcom.eu\/en\/e-system-lkw-2\/\" target=\"_self\">\n\t\t\t\tOdbavovac\u00ed syst\u00e9m pro n\u00e1kladn\u00e1 vozidla\t\t\t<\/a>\n\t\t<\/h2>\n\t\t\t\t<div class=\"premium-blog-entry-meta\">\n\t\t\t\n\t\t\t\n\t\t\t\n\t\t\t\t\t<\/div>\n\t\t\n\t\t\t\t\t\t\t<\/div>\n\t\t\t\t\t\t<\/div>\n\n\t\t\t\t\t\t<p class=\"premium-blog-post-content\">Odbavovac\u00ed syst\u00e9m pro n\u00e1kladn\u00ed vozidla efektivn\u011b \u0159e\u0161\u00ed \u010dasovou organizaci nakl\u00e1dky a vykl\u00e1dky.<\/p><div class=\"premium-blog-excerpt-link-wrap\"><a href=\"https:\/\/www.e-pointcom.eu\/en\/e-system-lkw-2\/\" target=\"_self\" class=\"premium-blog-excerpt-link elementor-button\">V\u00edce<\/a><\/div>\t\t\t\t\t\t\t\t\t\t\t<\/div>\n\t\t\t\t<\/div>\n\t\t\t<\/div>\n\t\t<\/div>\n\n\t\t\t\t<div class=\"premium-blog-post-outer-container s-informacni-funkci\" data-total=\"2\">\n\t\t\t<div class=\"premium-blog-post-container premium-blog-skin-classic\">\n\t\t\t\t\t\t\t\t\t<div class=\"premium-blog-thumb-effect-wrapper\">\n\t\t\t\t\t\t<div class=\"premium-blog-thumbnail-container premium-blog-bright-effect\">\n\t\t\t\t\t\t\t<img width=\"274\" height=\"300\" src=\"https:\/\/www.e-pointcom.eu\/wp-content\/uploads\/2021\/04\/Parkovanie-274x300.png\" class=\"attachment-medium size-medium\" alt=\"\" loading=\"lazy\" \/>\t\t\t\t\t\t<\/div>\n\t\t\t\t\t\t\t\t\t\t\t\t\t<div class=\"premium-blog-thumbnail-overlay\">\n\t\t\t\t\t\t\t\t<a class=\"elementor-icon\" href=\"https:\/\/www.e-pointcom.eu\/en\/e-autopark\/\" target=\"_self\"><\/a>\n\t\t\t\t\t\t\t<\/div>\n\t\t\t\t\t\t\t\t\t\t\t<\/div>\n\t\t\t\t\t\t\t\t\t\t\t\t<div class=\"premium-blog-content-wrapper\">\n\t\t\t\t\t<div class=\"premium-blog-content-wrapper-inner\">\n\t\t\t\t\t\t<div class=\"premium-blog-inner-container\">\n\t\t\t\t\t\t\t<div class=\"premium-blog-entry-container\">\n\t\t\t\t\t\t\t\t\t\t\t\t\t\t\t\t\t\t<h2 class=\"premium-blog-entry-title premium-blog-entry-title premium-blog-entry-title premium-blog-entry-title premium-blog-entry-title premium-blog-entry-title premium-blog-entry-title\">\n\t\t\t<a href=\"https:\/\/www.e-pointcom.eu\/en\/e-autopark\/\" target=\"_self\">\n\t\t\t\tSamoobslu\u017en\u00ed syst\u00e9m pro slu\u017eebn\u00ed vozidla\t\t\t<\/a>\n\t\t<\/h2>\n\t\t\t\t<div class=\"premium-blog-entry-meta\">\n\t\t\t\n\t\t\t\n\t\t\t\n\t\t\t\t\t<\/div>\n\t\t\n\t\t\t\t\t\t\t<\/div>\n\t\t\t\t\t\t<\/div>\n\n\t\t\t\t\t\t<p class=\"premium-blog-post-content\">Samoobslu\u017en\u00fd pl\u00e1novac\u00ed, eviden\u010dn\u00ed a v\u00fddejov\u00fd syst\u00e9m pro slu\u017eebn\u00ed vozidla e-AUTOPARK.<\/p><div class=\"premium-blog-excerpt-link-wrap\"><a href=\"https:\/\/www.e-pointcom.eu\/en\/e-autopark\/\" target=\"_self\" class=\"premium-blog-excerpt-link elementor-button\">V\u00edce<\/a><\/div>\t\t\t\t\t\t\t\t\t\t\t<\/div>\n\t\t\t\t<\/div>\n\t\t\t<\/div>\n\t\t<\/div>\n\n\t\t\t\t<div class=\"premium-blog-post-outer-container s-informacni-funkci\" data-total=\"2\">\n\t\t\t<div class=\"premium-blog-post-container premium-blog-skin-classic\">\n\t\t\t\t\t\t\t\t\t<div class=\"premium-blog-thumb-effect-wrapper\">\n\t\t\t\t\t\t<div class=\"premium-blog-thumbnail-container premium-blog-bright-effect\">\n\t\t\t\t\t\t\t<img width=\"274\" height=\"300\" src=\"https:\/\/www.e-pointcom.eu\/wp-content\/uploads\/2021\/05\/BOZP-1-274x300.png\" class=\"attachment-medium size-medium\" alt=\"\" loading=\"lazy\" \/>\t\t\t\t\t\t<\/div>\n\t\t\t\t\t\t\t\t\t\t\t\t\t<div class=\"premium-blog-thumbnail-overlay\">\n\t\t\t\t\t\t\t\t<a class=\"elementor-icon\" href=\"https:\/\/www.e-pointcom.eu\/en\/e-bozp-mobilni-2\/\" target=\"_self\"><\/a>\n\t\t\t\t\t\t\t<\/div>\n\t\t\t\t\t\t\t\t\t\t\t<\/div>\n\t\t\t\t\t\t\t\t\t\t\t\t<div class=\"premium-blog-content-wrapper\">\n\t\t\t\t\t<div class=\"premium-blog-content-wrapper-inner\">\n\t\t\t\t\t\t<div class=\"premium-blog-inner-container\">\n\t\t\t\t\t\t\t<div class=\"premium-blog-entry-container\">\n\t\t\t\t\t\t\t\t\t\t\t\t\t\t\t\t\t\t<h2 class=\"premium-blog-entry-title premium-blog-entry-title premium-blog-entry-title premium-blog-entry-title premium-blog-entry-title premium-blog-entry-title premium-blog-entry-title premium-blog-entry-title\">\n\t\t\t<a href=\"https:\/\/www.e-pointcom.eu\/en\/e-bozp-mobilni-2\/\" target=\"_self\">\n\t\t\t\tMobiln\u00ed doch\u00e1zkov\u00fd kiosek s BOZP\t\t\t<\/a>\n\t\t<\/h2>\n\t\t\t\t<div class=\"premium-blog-entry-meta\">\n\t\t\t\n\t\t\t\n\t\t\t\n\t\t\t\t\t<\/div>\n\t\t\n\t\t\t\t\t\t\t<\/div>\n\t\t\t\t\t\t<\/div>\n\n\t\t\t\t\t\t<p class=\"premium-blog-post-content\">Integrated mobile solution for attendance records with health and safety training.<\/p><div class=\"premium-blog-excerpt-link-wrap\"><a href=\"https:\/\/www.e-pointcom.eu\/en\/e-bozp-mobilni-2\/\" target=\"_self\" class=\"premium-blog-excerpt-link elementor-button\">V\u00edce<\/a><\/div>\t\t\t\t\t\t\t\t\t\t\t<\/div>\n\t\t\t\t<\/div>\n\t\t\t<\/div>\n\t\t<\/div>\n\n\t\t\t\t<\/div>\n\t<\/div>\n\t\t\t\t<div class=\"premium-blog-footer\">\n\t\t\t\t\t<nav class=\"premium-blog-pagination-container\" role=\"navigation\" aria-label=\"Pagination\">\n\t\t\t<span class=\"page-numbers current\">1<\/span>\n<a class=\"page-numbers\" href=\"https:\/\/www.e-pointcom.eu\/en\/wp-json\/wp\/v2\/pages\/563\/page\/2\/\">2<\/a>\n<a class=\"next page-numbers\" href=\"https:\/\/www.e-pointcom.eu\/en\/wp-json\/wp\/v2\/pages\/563\/page\/2\/\">Next &quot;<\/a>\t\t<\/nav>\n\t\t\t\t<\/div>\n\t\t\t\t\t<\/div>\n\t\t\t\t<\/div>\n\t\t\t\t\t<\/div>\n\t\t<\/div>\n\t\t\t\t\t\t\t<\/div>\n\t\t<\/section>\n\t\t\t\t<section class=\"elementor-section elementor-top-section elementor-element elementor-element-68df0a3 elementor-section-boxed elementor-section-height-default elementor-section-height-default\" data-id=\"68df0a3\" data-element_type=\"section\" data-settings=\"{&quot;background_background&quot;:&quot;classic&quot;}\">\n\t\t\t\t\t\t<div class=\"elementor-container elementor-column-gap-default\">\n\t\t\t\t\t<div class=\"elementor-column elementor-col-100 elementor-top-column elementor-element elementor-element-99a9e91\" data-id=\"99a9e91\" data-element_type=\"column\" data-settings=\"{&quot;background_background&quot;:&quot;classic&quot;}\">\n\t\t\t<div class=\"elementor-widget-wrap elementor-element-populated\">\n\t\t\t\t\t\t\t\t<section class=\"elementor-section elementor-inner-section elementor-element elementor-element-6e171f3 elementor-section-boxed elementor-section-height-default elementor-section-height-default\" data-id=\"6e171f3\" data-element_type=\"section\" data-settings=\"{&quot;background_background&quot;:&quot;classic&quot;}\">\n\t\t\t\t\t\t\t<div class=\"elementor-background-overlay\"><\/div>\n\t\t\t\t\t\t\t<div class=\"elementor-container elementor-column-gap-default\">\n\t\t\t\t\t<div class=\"elementor-column elementor-col-100 elementor-inner-column elementor-element elementor-element-12c419c\" data-id=\"12c419c\" data-element_type=\"column\">\n\t\t\t<div class=\"elementor-widget-wrap elementor-element-populated\">\n\t\t\t\t\t\t\t\t<div class=\"elementor-element elementor-element-da0a0d4 elementor-widget elementor-widget-intech-contact-message\" data-id=\"da0a0d4\" data-element_type=\"widget\" data-widget_type=\"intech-contact-message.default\">\n\t\t\t\t<div class=\"elementor-widget-container\">\n\t\t\t\t\t<div class=\"contact_sms-boxs\">\r\n\t\t\t<div class=\"contact-sms-row row\">\r\n\t\t\t\t<div class=\"col-12-col-sm-6 col-md-6 col-lg-7 col-xl-7 d-flex align-items-center\">\r\n\t\t\t\t\t<div class=\"ctn-sms-hadding\">\r\n\t\t\t\t\t\t<h2>YOUR PARTNER FOR SELF-SERVICE e-SYSTEMS<\/h2>\r\n\t\t\t\t\t<\/div>\r\n\t\t\t\t<\/div>\r\n\t\t\t\t<div class=\"col-12-col-sm-6 col-md-6 col-lg-5 col-xl-5 d-flex align-items-center justify-content-end\">\r\n\t\t\t\t\t<div class=\"ctn-sms-btn\">\r\n\t\t\t\t\t\t<div class=\"theme-buttons\">\r\n\t\t\t\t\t\t\t<a href=\"https:\/\/www.e-pointcom.eu\/en\/kontakt\/\" class=\"theme-button\">Contact us <i class=\"flaticon-right-arrow\"><\/i><\/a>\r\n\t\t\t\t\t\t<\/div>\r\n\t\t\t\t\t<\/div>\r\n\t\t\t\t<\/div>\r\n\t\t\t<\/div>\r\n\t\t<\/div>\r\n\t\t\t\t<\/div>\n\t\t\t\t<\/div>\n\t\t\t\t\t<\/div>\n\t\t<\/div>\n\t\t\t\t\t\t\t<\/div>\n\t\t<\/section>\n\t\t\t\t\t<\/div>\n\t\t<\/div>\n\t\t\t\t\t\t\t<\/div>\n\t\t<\/section>\n\t\t\t\t<section class=\"elementor-section elementor-top-section elementor-element elementor-element-12857ac elementor-section-boxed elementor-section-height-default elementor-section-height-default\" data-id=\"12857ac\" data-element_type=\"section\">\n\t\t\t\t\t\t<div class=\"elementor-container elementor-column-gap-default\">\n\t\t\t\t\t<div class=\"elementor-column elementor-col-100 elementor-top-column elementor-element elementor-element-f8d5fa1\" data-id=\"f8d5fa1\" data-element_type=\"column\">\n\t\t\t<div class=\"elementor-widget-wrap\">\n\t\t\t\t\t\t\t\t\t<\/div>\n\t\t<\/div>\n\t\t\t\t\t\t\t<\/div>\n\t\t<\/section>\n\t\t\t\t\t\t<\/div>\n\t\t\t\t\t<\/div>","protected":false},"excerpt":{"rendered":"<p>Zam\u011b\u0159en\u00edm a hlavn\u00ed \u010dinnost\u00ed na\u0161\u00ed spole\u010dnosti jsou komplexn\u00ed \u0159e\u0161en\u00ed s vysokou p\u0159idanou hodnotou pro sportovn\u00ed are\u00e1ly, wellnes centra, hotely, kluby, ale i firmy a \u00fa\u0159ady. Prost\u0159ednictv\u00edm interaktivn\u00edch samoobslu\u017en\u00fdch informa\u010dn\u00edch \u010di platebn\u00edch kiosk\u016f voliteln\u011b dopln\u011bn\u00fdch o turnikety a branky V\u00e1m p\u0159in\u00e1\u0161\u00edme technologii p\u0159esn\u011b podle va\u0161ich pot\u0159eb. V\u0161echny S informa\u010dn\u00ed funkc\u00ed S platebn\u00ed funkc\u00ed Syst\u00e9m pro prodej [&hellip;]<\/p>","protected":false},"author":1,"featured_media":0,"parent":0,"menu_order":0,"comment_status":"closed","ping_status":"closed","template":"blank-page.php","meta":[],"_links":{"self":[{"href":"https:\/\/www.e-pointcom.eu\/en\/wp-json\/wp\/v2\/pages\/563"}],"collection":[{"href":"https:\/\/www.e-pointcom.eu\/en\/wp-json\/wp\/v2\/pages"}],"about":[{"href":"https:\/\/www.e-pointcom.eu\/en\/wp-json\/wp\/v2\/types\/page"}],"author":[{"embeddable":true,"href":"https:\/\/www.e-pointcom.eu\/en\/wp-json\/wp\/v2\/users\/1"}],"replies":[{"embeddable":true,"href":"https:\/\/www.e-pointcom.eu\/en\/wp-json\/wp\/v2\/comments?post=563"}],"version-history":[{"count":107,"href":"https:\/\/www.e-pointcom.eu\/en\/wp-json\/wp\/v2\/pages\/563\/revisions"}],"predecessor-version":[{"id":3982,"href":"https:\/\/www.e-pointcom.eu\/en\/wp-json\/wp\/v2\/pages\/563\/revisions\/3982"}],"wp:attachment":[{"href":"https:\/\/www.e-pointcom.eu\/en\/wp-json\/wp\/v2\/media?parent=563"}],"curies":[{"name":"wp","href":"https:\/\/api.w.org\/{rel}","templated":true}]}}